{"id":1304,"date":"2017-10-10T05:57:57","date_gmt":"2017-10-10T05:57:57","guid":{"rendered":"http:\/\/themes.webdesignindia.net\/datadump\/attorneypress\/?page_id=1304"},"modified":"2026-02-17T01:49:34","modified_gmt":"2026-02-16T22:49:34","slug":"hizmet-sartlari","status":"publish","type":"page","link":"https:\/\/nahhaslawfirm.com\/tr\/hizmet-sartlari\/","title":{"rendered":"Hizmet \u015eartlar\u0131"},"content":{"rendered":"<div class=\"wpb-content-wrapper\"><div data-vc-full-width=\"true\" data-vc-full-width-init=\"false\" class=\"vc_row wpb_row vc_row-fluid vc_custom_1507615357647 vc_row-has-fill\"><div class=\"wpb_column vc_column_container vc_col-sm-12\"><div class=\"vc_column-inner vc_custom_1507615348584\"><div class=\"wpb_wrapper\"><h1 style=\"text-align: justify\" class=\"vc_custom_heading vc_do_custom_heading vc_custom_1765627461575\" >Hizmet \u015eartlar\u0131<\/h1>\n\t<div  class=\"wpb_single_image wpb_content_element vc_align_left wpb_content_element vc_custom_1513166344285\">\n\t\t\n\t\t<figure class=\"wpb_wrapper vc_figure\">\n\t\t\t<div class=\"vc_single_image-wrapper   vc_box_border_grey\"><img loading=\"lazy\" decoding=\"async\" width=\"51\" height=\"8\" src=\"https:\/\/nahhaslawfirm.com\/wp-content\/uploads\/2017\/12\/hr-line.png\" class=\"vc_single_image-img attachment-full\" alt=\"Ay\u0131r\u0131c\u0131\" title=\"hr-line\" \/><\/div>\n\t\t<\/figure>\n\t<\/div>\n\n\t<div class=\"wpb_text_column wpb_content_element vc_custom_1752500996300 home-welcome-text\" >\n\t\t<div class=\"wpb_wrapper\">\n\t\t\t<p><strong>Y\u00fcr\u00fcrl\u00fck Tarihi:<\/strong> 14 Temmuz 2025<\/p>\n<p>Ho\u015f geldiniz <strong>Al-Nahhas Hukuk B\u00fcrosu&#039;nun<\/strong> web sitesi. Bu siteyi kullanarak (<strong><a href=\"http:\/\/www.nahhaslawfirm.com\/\">www.nahhaslawfirm.com<\/a><\/strong>A\u015fa\u011f\u0131daki \u015fartlar\u0131 kabul ediyorsunuz:<\/p>\n<hr \/>\n<h3>1. Hukuki Tavsiye De\u011fildir<\/h3>\n<p>Bu sitedeki i\u00e7erik yaln\u0131zca genel bilgilendirme ama\u00e7l\u0131d\u0131r ve hukuki tavsiye niteli\u011fi ta\u015f\u0131maz. Bu siteyi g\u00f6r\u00fcnt\u00fclemek avukat-m\u00fcvekkil ili\u015fkisi olu\u015fturmaz.<\/p>\n<hr \/>\n<h3>2. Kabul Edilebilir Kullan\u0131m<\/h3>\n<p>Siteyi yasalara uygun ve sayg\u0131l\u0131 bir \u015fekilde kullanmay\u0131 kabul ediyorsunuz. Yetkisiz eri\u015fim veya siteyi bozmak kesinlikle yasakt\u0131r.<\/p>\n<hr \/>\n<h3>3. Fikri M\u00fclkiyet<\/h3>\n<p>Web sitesinin t\u00fcm i\u00e7eri\u011fi Al-Nahhas Hukuk B\u00fcrosuna aittir. Yaz\u0131l\u0131 izin olmadan kopyalamay\u0131n veya kullanmay\u0131n.<\/p>\n<hr \/>\n<h3>4. Gizlilik<\/h3>\n<p>Bizimle resmi olarak temsilcilik konusunda anla\u015fma yapmad\u0131\u011f\u0131n\u0131z s\u00fcrece, bu web sitesi arac\u0131l\u0131\u011f\u0131yla hassas bilgiler g\u00f6ndermeyin.<\/p>\n<hr \/>\n<h3>5. Sorumluluk Yoktur<\/h3>\n<p>Do\u011fru bilgi sa\u011flamak i\u00e7in elimizden gelenin en iyisini yap\u0131yoruz, ancak sitenin kullan\u0131m\u0131ndan kaynaklanan herhangi bir hata veya zarardan sorumlu de\u011filiz.<\/p>\n<hr \/>\n<h3>6. Harici Ba\u011flant\u0131lar<\/h3>\n<p>Ba\u015fka web sitelerine ba\u011flant\u0131 verebiliriz, ancak bu sitelerin i\u00e7eriklerinden veya uygulamalar\u0131ndan sorumlu de\u011filiz.<\/p>\n<hr \/>\n<h3>7. De\u011fi\u015fiklikler<\/h3>\n<p>Bu \u015fartlar\u0131 diledi\u011fimiz zaman g\u00fcncelleyebiliriz. Siteyi kullanmaya devam etmeniz, g\u00fcncellenmi\u015f \u015fartlar\u0131 kabul etti\u011finiz anlam\u0131na gelir.<\/p>\n<hr \/>\n<h3>8. Uygulanacak Hukuk<\/h3>\n<p>Bu \u015fartlar Suriye yasalar\u0131na tabidir. Herhangi bir anla\u015fmazl\u0131k durumunda \u015eam mahkemeleri yetkilidir.<\/p>\n<hr \/>\n<h3>Temas etmek<\/h3>\n<p>\ud83d\udce7 <a href=\"mailto:info@nahhaslawfirm.com\">info@nahhaslawfirm.com<\/a><br \/>\n\ud83d\udcde +963 966 033 432<br \/>\n\ud83c\udf10 <a href=\"http:\/\/www.nahhaslawfirm.com\/\">www.nahhaslawfirm.com<\/a><\/p>\n\n\t\t<\/div>\n\t<\/div>\n<\/div><\/div><\/div><\/div><div class=\"vc_row-full-width vc_clearfix\"><\/div>\n<\/div>","protected":false},"excerpt":{"rendered":"Terms of Service Effective Date: July 14, 2025 Welcome to Al-Nahhas Law Firm\u2019s website. By using this site (www.nahhaslawfirm.com), you agree to the following terms: 1. No Legal Advice The content on this site is for general information only and does not constitute legal advice. Viewing this site does not create an attorney-client relationship. 2. [...]","protected":false},"author":2,"featured_media":1570,"parent":0,"menu_order":0,"comment_status":"closed","ping_status":"closed","template":"","meta":{"footnotes":""},"class_list":["post-1304","page","type-page","status-publish","has-post-thumbnail","hentry"],"_links":{"self":[{"href":"https:\/\/nahhaslawfirm.com\/tr\/wp-json\/wp\/v2\/pages\/1304","targetHints":{"allow":["GET"]}}],"collection":[{"href":"https:\/\/nahhaslawfirm.com\/tr\/wp-json\/wp\/v2\/pages"}],"about":[{"href":"https:\/\/nahhaslawfirm.com\/tr\/wp-json\/wp\/v2\/types\/page"}],"author":[{"embeddable":true,"href":"https:\/\/nahhaslawfirm.com\/tr\/wp-json\/wp\/v2\/users\/2"}],"replies":[{"embeddable":true,"href":"https:\/\/nahhaslawfirm.com\/tr\/wp-json\/wp\/v2\/comments?post=1304"}],"version-history":[{"count":2,"href":"https:\/\/nahhaslawfirm.com\/tr\/wp-json\/wp\/v2\/pages\/1304\/revisions"}],"predecessor-version":[{"id":1830,"href":"https:\/\/nahhaslawfirm.com\/tr\/wp-json\/wp\/v2\/pages\/1304\/revisions\/1830"}],"wp:featuredmedia":[{"embeddable":true,"href":"https:\/\/nahhaslawfirm.com\/tr\/wp-json\/wp\/v2\/media\/1570"}],"wp:attachment":[{"href":"https:\/\/nahhaslawfirm.com\/tr\/wp-json\/wp\/v2\/media?parent=1304"}],"curies":[{"name":"wp","href":"https:\/\/api.w.org\/{rel}","templated":true}]}}